{"id":542,"date":"2025-01-29T11:25:23","date_gmt":"2025-01-29T11:25:23","guid":{"rendered":"https:\/\/idosde.com\/veinte\/?post_type=product&#038;p=542"},"modified":"2025-10-09T13:03:26","modified_gmt":"2025-10-09T13:03:26","slug":"avm-analizador-y-verificador-de-medidores-de-polifasicos-3f","status":"publish","type":"product","link":"https:\/\/idosde.com\/veinte\/producto\/avm-analizador-y-verificador-de-medidores-de-polifasicos-3f\/","title":{"rendered":"AVM \u2013 ANALIZADOR Y VERIFICADOR DE MEDIDORES DE POLIFASICOS &#8211; 3F"},"content":{"rendered":"","protected":false},"excerpt":{"rendered":"<p align=\"justify\">El equipo AVM 3F es un instrumento de medici\u00f3n port\u00e1til polif\u00e1sico (2H, 3H y 4H) para la Verificaci\u00f3n de Medidores de energ\u00eda en sitio. Usado en la verificaci\u00f3n de medidores residenciales, comerciales, industriales as\u00ed como en macro medidores o medidores de fronteras comerciales. \u00a0Este equipo es de f\u00e1cil manejo, cuenta con un mult\u00edmetro trif\u00e1sico de energ\u00eda y potencia activa (tensi\u00f3n y corriente \u2264 0,2%), diagrama fasorial trif\u00e1sico, y a su vez se pueden hacer pruebas de exactitud en energ\u00eda y verificaci\u00f3n de la constante o registro.<\/p>\n<p align=\"justify\">Cada prueba se puede registrar en el Sistema de Informaci\u00f3n del equipo, el cual se maneja y administra desde un dispositivo con sistema operativo Android \u00ae conectado v\u00eda Bluetooth.<\/p>\n","protected":false},"featured_media":864,"template":"","meta":[],"product_brand":[],"product_cat":[18],"product_tag":[],"class_list":{"0":"post-542","1":"product","2":"type-product","3":"status-publish","4":"has-post-thumbnail","6":"product_cat-avm","8":"first","9":"instock","10":"shipping-taxable","11":"purchasable","12":"product-type-simple"},"_links":{"self":[{"href":"https:\/\/idosde.com\/veinte\/wp-json\/wp\/v2\/product\/542","targetHints":{"allow":["GET"]}}],"collection":[{"href":"https:\/\/idosde.com\/veinte\/wp-json\/wp\/v2\/product"}],"about":[{"href":"https:\/\/idosde.com\/veinte\/wp-json\/wp\/v2\/types\/product"}],"version-history":[{"count":8,"href":"https:\/\/idosde.com\/veinte\/wp-json\/wp\/v2\/product\/542\/revisions"}],"predecessor-version":[{"id":1038,"href":"https:\/\/idosde.com\/veinte\/wp-json\/wp\/v2\/product\/542\/revisions\/1038"}],"wp:featuredmedia":[{"embeddable":true,"href":"https:\/\/idosde.com\/veinte\/wp-json\/wp\/v2\/media\/864"}],"wp:attachment":[{"href":"https:\/\/idosde.com\/veinte\/wp-json\/wp\/v2\/media?parent=542"}],"wp:term":[{"taxonomy":"product_brand","embeddable":true,"href":"https:\/\/idosde.com\/veinte\/wp-json\/wp\/v2\/product_brand?post=542"},{"taxonomy":"product_cat","embeddable":true,"href":"https:\/\/idosde.com\/veinte\/wp-json\/wp\/v2\/product_cat?post=542"},{"taxonomy":"product_tag","embeddable":true,"href":"https:\/\/idosde.com\/veinte\/wp-json\/wp\/v2\/product_tag?post=542"}],"curies":[{"name":"wp","href":"https:\/\/api.w.org\/{rel}","templated":true}]}}