{"id":156,"date":"2025-01-08T12:17:11","date_gmt":"2025-01-08T12:17:11","guid":{"rendered":"https:\/\/idosde.com\/veinte\/?post_type=product&#038;p=156"},"modified":"2025-10-09T13:05:53","modified_gmt":"2025-10-09T13:05:53","slug":"avm-analizador-y-verificador-de-medidores-de-monofasicos-1f","status":"publish","type":"product","link":"https:\/\/idosde.com\/veinte\/producto\/avm-analizador-y-verificador-de-medidores-de-monofasicos-1f\/","title":{"rendered":"AVM \u2013 ANALIZADOR Y VERIFICADOR DE MEDIDORES DE MONOFASICOS &#8211; 1F"},"content":{"rendered":"","protected":false},"excerpt":{"rendered":"<p>El equipo AVM 1F es un instrumento de medici\u00f3n port\u00e1til monof\u00e1sico (1F-2H y 1F-3H) para la Verificaci\u00f3n de Medidores de energ\u00eda en sitio. Usado en \u00a0la verificaci\u00f3n de medidores residenciales. \u00a0Este equipo es de f\u00e1cil manejo, cuenta con un mult\u00edmetro monof\u00e1sico de energ\u00eda y potencia activa (tensi\u00f3n y corriente \u2264 0,2%), diagrama fasorial monof\u00e1sico, y a su vez se pueden hacer pruebas de exactitud en energ\u00eda y verificaci\u00f3n de la constante o registro.<\/p>\n<p>Cada prueba se puede registrar en el Sistema de Informaci\u00f3n del equipo, el cual se maneja y administra desde un dispositivo con sistema operativo Android \u00ae conectado v\u00eda Bluetooth.<\/p>\n","protected":false},"featured_media":874,"template":"","meta":[],"product_brand":[],"product_cat":[18],"product_tag":[23],"class_list":{"0":"post-156","1":"product","2":"type-product","3":"status-publish","4":"has-post-thumbnail","6":"product_cat-avm","7":"product_tag-avm-1f","9":"first","10":"instock","11":"shipping-taxable","12":"purchasable","13":"product-type-simple"},"_links":{"self":[{"href":"https:\/\/idosde.com\/veinte\/wp-json\/wp\/v2\/product\/156","targetHints":{"allow":["GET"]}}],"collection":[{"href":"https:\/\/idosde.com\/veinte\/wp-json\/wp\/v2\/product"}],"about":[{"href":"https:\/\/idosde.com\/veinte\/wp-json\/wp\/v2\/types\/product"}],"version-history":[{"count":10,"href":"https:\/\/idosde.com\/veinte\/wp-json\/wp\/v2\/product\/156\/revisions"}],"predecessor-version":[{"id":1039,"href":"https:\/\/idosde.com\/veinte\/wp-json\/wp\/v2\/product\/156\/revisions\/1039"}],"wp:featuredmedia":[{"embeddable":true,"href":"https:\/\/idosde.com\/veinte\/wp-json\/wp\/v2\/media\/874"}],"wp:attachment":[{"href":"https:\/\/idosde.com\/veinte\/wp-json\/wp\/v2\/media?parent=156"}],"wp:term":[{"taxonomy":"product_brand","embeddable":true,"href":"https:\/\/idosde.com\/veinte\/wp-json\/wp\/v2\/product_brand?post=156"},{"taxonomy":"product_cat","embeddable":true,"href":"https:\/\/idosde.com\/veinte\/wp-json\/wp\/v2\/product_cat?post=156"},{"taxonomy":"product_tag","embeddable":true,"href":"https:\/\/idosde.com\/veinte\/wp-json\/wp\/v2\/product_tag?post=156"}],"curies":[{"name":"wp","href":"https:\/\/api.w.org\/{rel}","templated":true}]}}