{"id":3,"date":"2025-01-07T11:53:02","date_gmt":"2025-01-07T11:53:02","guid":{"rendered":"https:\/\/idosde.com\/veinte\/?page_id=3"},"modified":"2025-01-31T13:42:11","modified_gmt":"2025-01-31T13:42:11","slug":"politica-de-privacidad","status":"publish","type":"page","link":"https:\/\/idosde.com\/veinte\/politica-de-privacidad\/","title":{"rendered":"Pol\u00edtica de Privacidad"},"content":{"rendered":"\t\t<div data-elementor-type=\"wp-page\" data-elementor-id=\"3\" class=\"elementor elementor-3\" data-elementor-post-type=\"page\">\n\t\t\t\t<div class=\"wd-negative-gap elementor-element elementor-element-55ed3633 e-flex e-con-boxed e-con e-parent\" data-id=\"55ed3633\" data-element_type=\"container\">\n\t\t\t\t\t<div class=\"e-con-inner\">\n\t\t\t\t<div class=\"elementor-element elementor-element-4d1def8d text-center color-scheme-inherit elementor-widget elementor-widget-text-editor\" data-id=\"4d1def8d\" data-element_type=\"widget\" data-widget_type=\"text-editor.default\">\n\t\t\t\t<div class=\"elementor-widget-container\"><p align=\"justify\"><strong>POL\u00cdTICA DE PRIVACIDAD<\/strong><\/p>\n<p align=\"justify\"><strong>1. Visi\u00f3n general<\/strong><\/p>\n<p align=\"justify\">IDOSDE S.A.S (\u00abIDOSDE S.A.S\u00bb, \u00abnosotros\u00bb o \u00abnos\u00bb) sabe que usted valora su privacidad. Esta pol\u00edtica de privacidad explica la informaci\u00f3n que recopilamos a trav\u00e9s del sitio web disponible a trav\u00e9s de idosde.com y sus subdominios o p\u00e1ginas donde se publica o enlaza esta pol\u00edtica de privacidad (colectivamente, los \u00abSitios\u00bb). Esta pol\u00edtica tambi\u00e9n describe la informaci\u00f3n recopilada de o en nombre de los usuarios finales de nuestros productos de software como servicio (\u00abAVM-G\u00bb).<\/p>\n<p align=\"justify\">Al acceder a este sitio web, usted acepta someterse a estas Condiciones de uso del sitio web, a todas las leyes y normativas aplicables, y acepta que es responsable del cumplimiento de cualquier ley local aplicable. Si no est\u00e1 de acuerdo con cualquiera de estos t\u00e9rminos, se le proh\u00edbe utilizar o acceder a este sitio web.<\/p>\n<p align=\"justify\"><strong>2. Informaci\u00f3n que recopilamos<\/strong><\/p>\n<p align=\"justify\">a. Informaci\u00f3n personal identificable<\/p>\n<p align=\"justify\">&#8211; S\u00f3lo pedimos informaci\u00f3n personal si es necesaria para prestar un servicio.<\/p>\n<p align=\"justify\">&#8211; Cuando solicita una propuesta comercial \/ presupuesto \/ informaci\u00f3n:<\/p>\n<ul>\n<li>\n<p align=\"justify\">Podemos recopilar su nombre, apellidos, correo electr\u00f3nico, nombre de la empresa, pa\u00eds, estado, n\u00famero de tel\u00e9fono y descripci\u00f3n del producto o aplicaci\u00f3n.<\/p>\n<\/li>\n<li>\n<p align=\"justify\">Esta informaci\u00f3n enviada se guardar\u00e1 en nuestra base de datos.<\/p>\n<\/li>\n<li>\n<p align=\"justify\">Esta informaci\u00f3n enviada se utilizar\u00e1 para la identificaci\u00f3n.<\/p>\n<\/li>\n<li>\n<p align=\"justify\">Utilizaremos esta informaci\u00f3n para ponernos en contacto con usted y responder a sus preguntas.<\/p>\n<\/li>\n<\/ul>\n<p align=\"justify\">&#8211; Cuando se ponga en contacto con nosotros a trav\u00e9s del formulario de contacto:<\/p>\n<ul>\n<li>\n<p align=\"justify\">Podemos recopilar su nombre, apellidos, correo electr\u00f3nico, nombre de la empresa, pa\u00eds, estado, n\u00famero de tel\u00e9fono y descripci\u00f3n del producto o aplicaci\u00f3n.<\/p>\n<\/li>\n<li>\n<p align=\"justify\">Esta informaci\u00f3n enviada se guardar\u00e1 en nuestra base de datos.<\/p>\n<\/li>\n<li>\n<p align=\"justify\">Esta informaci\u00f3n enviada se utilizar\u00e1 para la identificaci\u00f3n.<\/p>\n<\/li>\n<li>\n<p align=\"justify\">Utilizaremos esta informaci\u00f3n para ponernos en contacto con usted y responder a sus preguntas.<\/p>\n<\/li>\n<\/ul>\n<p align=\"justify\">&#8211; Cuando solicite la descarga de un manual de equipo:<\/p>\n<ul>\n<li>\n<p align=\"justify\">Podemos recopilar su nombre, apellidos, correo electr\u00f3nico, nombre de la empresa, pa\u00eds, estado, n\u00famero de tel\u00e9fono y descripci\u00f3n del producto o aplicaci\u00f3n.<\/p>\n<\/li>\n<li>\n<p align=\"justify\">Esta informaci\u00f3n enviada se guardar\u00e1 en nuestra base de datos.<\/p>\n<\/li>\n<li>\n<p align=\"justify\">Esta informaci\u00f3n enviada se utilizar\u00e1 para la identificaci\u00f3n.<\/p>\n<\/li>\n<\/ul>\n<p align=\"justify\">&#8211; Cuando navega por nuestro sitio, podemos registrar sus acciones a trav\u00e9s de hotjar, para que podamos mejorar su experiencia en nuestro sitio.<\/p>\n<p align=\"justify\">&#8211; No podemos hacernos responsables de la protecci\u00f3n y privacidad de la informaci\u00f3n que los lectores proporcionen mientras est\u00e9n en cualquier hiperv\u00ednculo a otro sitio.<\/p>\n<p align=\"justify\">&#8211; Es nuestra responsabilidad proteger la informaci\u00f3n que recopilamos de usted.<\/p>\n<p align=\"justify\">&#8211; No vendemos sus datos.<\/p>\n<p align=\"justify\">&#8211; No compartimos su informaci\u00f3n con ninguna organizaci\u00f3n ni sus eventos.<\/p>\n<p align=\"justify\">Si cree que tenemos informaci\u00f3n incorrecta o incompleta, p\u00f3ngase en contacto con nosotros a trav\u00e9s de: info@idosde.com y nos comprometemos a corregir cualquier dato que resulte incorrecto.<\/p>\n<p align=\"justify\">b. Informaci\u00f3n no personal identificable<\/p>\n<p align=\"justify\">Idosde tambi\u00e9n recopila informaci\u00f3n a trav\u00e9s del sistema automatizado establecido para acumular informaci\u00f3n anal\u00edtica que ayudar\u00e1 a beneficiar el progreso de los servicios, la publicidad y la eficacia de IDOSDE. Dicha informaci\u00f3n consiste en: su sistema operativo, ISP (Proveedor de Servicios de Internet), informaci\u00f3n de URL, direcci\u00f3n IP (protocolo de Internet) y tipo de navegador, todos los cuales no pueden ser utilizados para identificarle personalmente.<\/p>\n<p align=\"justify\">c. Enlaces a sitios web de terceros<\/p>\n<p align=\"justify\">IDOSDE puede enlazar con sitios web, productos y servicios operados por terceros. Idosde no se responsabiliza ni aprueba la disponibilidad, el contenido, los productos, los servicios o el uso de cualquier sitio web de terceros, cualquier sitio web al que se acceda desde un sitio web de terceros o cualquier cambio o actualizaci\u00f3n de dichos sitios.<\/p>\n<p align=\"justify\">Estos sitios web enlazados son s\u00f3lo para su comodidad y, por lo tanto, usted accede a ellos por su cuenta y riesgo. Usted reconoce que asume todos los riesgos asociados con el acceso y el uso del contenido proporcionado en un Sitio Web de Terceros y acepta que Idosde y las empresas asociadas no son responsables de ninguna p\u00e9rdida o da\u00f1o de cualquier tipo en que usted pueda incurrir por tratar con un tercero. Deber\u00e1 ponerse en contacto con el administrador del sitio web del Sitio de Terceros correspondiente si tiene alguna duda sobre dichos enlaces o el contenido ubicado en cualquiera de dichos Sitios de Terceros.<\/p>\n<p align=\"justify\">d. Su consentimiento<\/p>\n<p align=\"justify\">Al utilizar este sitio, usted acepta que recopilemos y utilicemos su informaci\u00f3n personal tal y como se describe en esta Pol\u00edtica de privacidad. Si cambiamos nuestras pol\u00edticas y procedimientos de privacidad, publicaremos dichos cambios en este sitio para mantenerle informado sobre qu\u00e9 informaci\u00f3n recogemos, c\u00f3mo la utilizamos y en qu\u00e9 circunstancias podemos revelarla.<\/p>\n<p align=\"justify\"><strong>3. Divulgaci\u00f3n de la informaci\u00f3n<\/strong><\/p>\n<p align=\"justify\">IDOSDE no divulgar\u00e1 ninguna informaci\u00f3n que guardemos a menos que exista una raz\u00f3n para hacerlo y s\u00f3lo entonces compartiremos informaci\u00f3n sensible con terceros bajo ciertas circunstancias, si creemos que el acceso, uso, preservaci\u00f3n o divulgaci\u00f3n es necesario y algunas de estas razones pueden incluir;<\/p>\n<p align=\"justify\">&#8211; La necesidad de cumplir con la ley correspondiente, cualquier normativa y\/o proceso legal que nos obligue a ello;<\/p>\n<p align=\"justify\">&#8211; La necesidad de hacer cumplir los T\u00e9rminos de Servicio apropiados u otros acuerdos y pol\u00edticas relacionadas con Idosde;<\/p>\n<p align=\"justify\">&#8211; La necesidad de prevenir, detectar o abordar de otro modo el fraude, la seguridad o los problemas t\u00e9cnicos;<\/p>\n<p align=\"justify\">&#8211; La necesidad de proteger contra amenazas inminentes que de otra manera podr\u00edan trastornar los derechos, la propiedad intelectual o la seguridad de Idosde Lab Inc, sus usuarios o el p\u00fablico, seg\u00fan lo exija o permita la ley.<\/p>\n<p align=\"justify\">4<strong>. Seguridad del Sitio<\/strong><\/p>\n<p align=\"justify\">a. Qu\u00e9 hacemos para asegurar este sitio y su informaci\u00f3n.<\/p>\n<p align=\"justify\">Existen varias formas de protegerle a usted y a la informaci\u00f3n que nos proporciona, pero debido a la jerarqu\u00eda natural de Internet, nuestra garant\u00eda no puede asegurar que cualquier informaci\u00f3n almacenada en nuestros servidores, o transmitida a o desde un usuario, estar\u00e1 libre de acceso no autorizado o intrusi\u00f3n por parte de terceros, como piratas inform\u00e1ticos. Al utilizar este Sitio, usted reconoce que comprende y acepta asumir estos riesgos.<\/p>\n<p align=\"justify\">Trabajamos para proteger la seguridad de su informaci\u00f3n durante la transmisi\u00f3n utilizando el software Secure Sockets Layer (SSL), que codifica la informaci\u00f3n que usted introduce. Independientemente de estas medidas, no se puede garantizar al 100% la seguridad de ning\u00fan sistema conectado a Internet ni de ninguna transmisi\u00f3n de datos enviada a trav\u00e9s de Internet. Mantenemos medidas de seguridad f\u00edsicas, electr\u00f3nicas y de procedimiento en relaci\u00f3n con la recogida, almacenamiento y divulgaci\u00f3n de informaci\u00f3n personal identificable de los clientes. Nuestros procedimientos de seguridad implican que ocasionalmente podemos solicitar una prueba de identidad antes de revelarle informaci\u00f3n personal.<\/p>\n<p align=\"justify\">En el improbable caso de que se produzca una violaci\u00f3n no autorizada de la seguridad de su informaci\u00f3n personal en nuestro poder o que el control pueda haberse visto comprometido, le avisaremos si tenemos conocimiento de cualquier violaci\u00f3n de la seguridad que pueda afectar a cualquier informaci\u00f3n personal sensible relativa a usted que tengamos almacenada en nuestros sistemas.<\/p>\n<p align=\"justify\">b. Qu\u00e9 debe hacer para proteger su informaci\u00f3n y evitar amenazas.<\/p>\n<p align=\"justify\">Es importante que te protejas contra el acceso no autorizado a tu contrase\u00f1a y a tu ordenador. Aseg\u00farese de cerrar la sesi\u00f3n cuando termine de utilizar un ordenador compartido.<\/p>\n<p align=\"justify\">Usted es el \u00fanico responsable de la informaci\u00f3n y otros contenidos que env\u00ede a este Sitio o publique en \u00e9l o a trav\u00e9s de \u00e9l, incluidos, entre otros, nuestro(s) blog(s). Usted entiende que la informaci\u00f3n personal y de otro tipo (por ejemplo, nombre de usuario, direcci\u00f3n de correo electr\u00f3nico, n\u00famero de tel\u00e9fono) que usted publique en o a trav\u00e9s de este Sitio (por ejemplo, blog[s], salas de chat, tablones de anuncios), as\u00ed como sus comunicaciones generales con este Sitio son generalmente accesibles a, y pueden ser recogidos y utilizados por, otros y pueden dar lugar a mensajes no solicitados u otros contactos de terceros. Se recomienda a los usuarios de este Sitio que act\u00faen con cautela a la hora de facilitar informaci\u00f3n personal sobre s\u00ed mismos.<\/p>\n<p align=\"justify\">Si se pone en contacto con nosotros por correo electr\u00f3nico, debe tener en cuenta que su transmisi\u00f3n puede no ser segura. Un tercero podr\u00eda ver en tr\u00e1nsito la informaci\u00f3n que usted env\u00ede por estos m\u00e9todos.<\/p>\n<p align=\"justify\">Es posible que pueda crear una cuenta en este Sitio con un nombre de usuario y una contrase\u00f1a. Si es as\u00ed, usted es responsable de mantener la estricta confidencialidad de la contrase\u00f1a de su cuenta, y ser\u00e1 responsable de cualquier acceso o uso del Sitio por su parte o por parte de cualquier persona o entidad que utilice su contrase\u00f1a, tanto si dicho acceso o uso ha sido autorizado por usted o en su nombre como si no, y tanto si dicha persona o entidad es su empleado o agente como si no. Usted se compromete a (a) notificarnos inmediatamente cualquier uso no autorizado de su contrase\u00f1a o cuenta o cualquier otra violaci\u00f3n de la seguridad, y (b) asegurarse de salir de su cuenta al final de cada sesi\u00f3n. Es su exclusiva responsabilidad controlar la difusi\u00f3n y el uso de su contrase\u00f1a, controlar el acceso a su cuenta y el uso de la misma, y notificarnos cuando desee cancelar su cuenta en este Sitio. No seremos responsables de ninguna p\u00e9rdida o da\u00f1o derivado del incumplimiento por su parte de esta disposici\u00f3n. No tendremos ninguna responsabilidad por la divulgaci\u00f3n de su informaci\u00f3n debido a errores o actos no autorizados de terceros durante o despu\u00e9s de la transmisi\u00f3n.<\/p>\n<p align=\"justify\">Si tiene alguna pregunta o comentario sobre nuestras pr\u00e1cticas de privacidad, puede ponerse en contacto con nosotros a trav\u00e9s de info@idosde.com.<\/p>\n<p align=\"justify\"><strong>5. Cookies<\/strong><\/p>\n<p align=\"justify\">En el mercado actual y con muchos otros sitios web, IDOSDE puede utilizar \u00abcookies\u00bb para guardar, y a veces rastrear, informaci\u00f3n sobre usted. Las cookies son peque\u00f1os archivos de datos que se env\u00edan a su navegador o software relacionado desde un servidor web y se almacenan en el disco duro de su ordenador. Las cookies rastrean por d\u00f3nde navega usted en nuestro Sitio y lo que mira y compra. Pueden almacenar la informaci\u00f3n, por ejemplo, en su nombre de usuario y\/o contrase\u00f1a. Una cookie puede permitirnos relacionar su uso de nuestro Sitio con otra informaci\u00f3n sobre usted, incluidos sus Datos Personales. Todos estos fines sirven para mejorar y personalizar su experiencia en nuestro Sitio. Las cookies contienen informaci\u00f3n que puede ser le\u00edda posteriormente por el servidor web que emiti\u00f3 la cookie para usted o que, en algunos casos, puede ser le\u00edda por un dominio de terceros.<\/p>\n<p align=\"justify\">La mayor\u00eda de los navegadores web pueden configurarse para que le informen cuando se le env\u00eda una cookie y le ofrezcan la posibilidad de rechazarla. Adem\u00e1s, si tiene instalado un reproductor Flash en su ordenador, puede configurarlo para que rechace o elimine las cookies Flash. Sin embargo, rechazar una cookie puede, en algunos casos, impedirle utilizar el Sitio o afectar negativamente a la visualizaci\u00f3n o el funcionamiento del Sitio o de determinadas \u00e1reas o funciones del Sitio.<\/p>\n<p align=\"justify\">Nuestras cookies rastrean informaci\u00f3n sobre su uso de \u00abIdosde\u00bb para que podamos ofrecerle una experiencia fluida y m\u00e1s personalizada, con los siguientes fines<\/p>\n<p align=\"justify\">&#8211; identificar las preferencias del usuario<\/p>\n<p align=\"justify\">&#8211; ayudar a identificar a los visitantes<\/p>\n<p align=\"justify\">&#8211; evaluar los patrones de uso<\/p>\n<p align=\"justify\">&#8211; controlar la visualizaci\u00f3n de anuncios<\/p>\n<p align=\"justify\">&#8211; recopilar informaci\u00f3n demogr\u00e1fica<\/p>\n<p align=\"justify\">&#8211; analizar patrones de tr\u00e1fico y uso<\/p>\n<p align=\"justify\">&#8211; proporcionar contenido editorial<\/p>\n<p align=\"justify\">Si no desea que IDOSDE S.A.S instale y utilice cookies en su ordenador o dispositivo, debe configurar las preferencias de su navegador para rechazar las cookies antes de visitar los sitios web de IDOSDE S.A.S, IDOSDE no se responsabiliza de que usted o su navegador no apliquen o comuniquen correctamente las preferencias o la configuraci\u00f3n de su navegador.<\/p>\n<p align=\"justify\">Si decide rechazar las cookies, es posible que no pueda registrarse, iniciar sesi\u00f3n o utilizar otros elementos interactivos de los sitios web de IDOSDE que dependen de las cookies.<\/p>\n<p align=\"justify\">a. Cookies de terceros<\/p>\n<p align=\"justify\">Nuestras p\u00e1ginas web a veces incrustan fotos, v\u00eddeos y otros contenidos de p\u00e1ginas web de terceros. Estas p\u00e1ginas pueden presentar cookies de estos sitios web. Del mismo modo, cuando usted utiliza uno de los botones \u00abMe gusta\u00bb o \u00abTweet\u00bb de nuestros sitios web, es posible que el servicio que ha elegido para compartir contenidos instale una cookie. No controlamos la distribuci\u00f3n de estas cookies. Debe consultar el sitio web de terceros correspondiente para obtener m\u00e1s informaci\u00f3n al respecto.<\/p>\n<p align=\"justify\"><strong>6. Contenido incrustado<\/strong><\/p>\n<p align=\"justify\">Los art\u00edculos, nuestro foro y los blogs de este sitio pueden incluir contenido incrustado (por ejemplo, v\u00eddeos, im\u00e1genes, art\u00edculos, etc.). El contenido incrustado de otros sitios web se comporta exactamente igual que si el visitante hubiera visitado el otro sitio web.<\/p>\n<p align=\"justify\">Estos sitios web pueden recopilar datos sobre usted, utilizar cookies, incrustar seguimiento adicional de terceros y supervisar su interacci\u00f3n con ese contenido incrustado, incluido el seguimiento de su interacci\u00f3n con el contenido incrustado si tiene una cuenta y ha iniciado sesi\u00f3n en ese sitio web.<\/p>\n<p align=\"justify\"><strong>7. Boletines y correos electr\u00f3nicos<\/strong><\/p>\n<p align=\"justify\">S\u00f3lo le enviaremos correos electr\u00f3nicos para los que se haya registrado o que est\u00e9n relacionados con los servicios que le hemos prestado.<\/p>\n<p align=\"justify\">Para enviarle correos electr\u00f3nicos, utilizamos el nombre y la direcci\u00f3n de correo electr\u00f3nico que nos proporciona. Este sitio web puede enviar correos electr\u00f3nicos a trav\u00e9s de servicios de env\u00edo. Estos servicios nos permite rastrear las aperturas y los clics en nuestros correos electr\u00f3nicos. Utilizamos esta informaci\u00f3n para mejorar nuestro contenido.<\/p>\n<p align=\"justify\">Ninguna otra informaci\u00f3n identificable es rastreada fuera de este sitio web, excepto la direcci\u00f3n de correo electr\u00f3nico.<\/p>\n<p align=\"justify\"><strong>8. Cambios en esta pol\u00edtica de privacidad<\/strong><\/p>\n<p align=\"justify\">Nos reservamos el derecho a modificar esta pol\u00edtica de privacidad en cualquier momento, por lo que le rogamos que la revise con frecuencia. Los cambios y aclaraciones entrar\u00e1n en vigor inmediatamente despu\u00e9s de su publicaci\u00f3n en el sitio web. Si realizamos cambios materiales en esta pol\u00edtica, le notificaremos aqu\u00ed que ha sido actualizada, para que est\u00e9 al tanto de qu\u00e9 informaci\u00f3n recopilamos, c\u00f3mo la utilizamos y bajo qu\u00e9 circunstancias, si las hubiera, la utilizamos y\/o divulgamos.<\/p>\n<p align=\"justify\">Si nuestra espresa es adquirida o fusionada con otra empresa, su informaci\u00f3n puede ser transferida a los nuevos propietarios para que podamos seguir prest\u00e1ndole nuestros servicios.<\/p>\n<p align=\"justify\"><strong>9.\u00a0 Google Analytics<\/strong><\/p>\n<p align=\"justify\">Utilizamos Google Analytics para realizar un seguimiento de los visitantes de este sitio.<\/p>\n<p align=\"justify\">Google Analytics utiliza cookies para recopilar estos datos.<\/p>\n<p align=\"justify\">Para cumplir con la nueva normativa, Google ha incluido una modificaci\u00f3n en el tratamiento de los datos.<\/p>\n<p align=\"justify\">Los datos que recopilamos se procesan de forma an\u00f3nima y la opci\u00f3n \u00abCompartir datos\u00bb est\u00e1 desactivada.<\/p>\n<p align=\"justify\">No utilizamos otros servicios de Google en combinaci\u00f3n con las cookies de Google Analytics.<\/p>\n<p align=\"justify\">https:\/\/policies.google.com\/privacy<\/p>\n<p align=\"justify\"><strong>10. Preguntas e informaci\u00f3n de contacto<\/strong><\/p>\n<p align=\"justify\">Si desea: acceder, corregir, modificar o eliminar cualquier informaci\u00f3n personal que tengamos registrada sobre usted, presentar una queja o simplemente obtener m\u00e1s informaci\u00f3n, rellene y env\u00ede el formulario de contacto junto con su solicitud. Su solicitud ser\u00e1 remitida a nuestro Servicio de Protecci\u00f3n de la Privacidad de la Informaci\u00f3n y tramitada lo antes posible.<\/p>\t\t\t\t\t\t\t\t<\/div>\n\t\t\t\t<\/div>\n\t\t\t\t\t<\/div>\n\t\t\t\t<\/div>\t\t<\/div>\n\t\t","protected":false},"excerpt":{"rendered":"<p>POL\u00cdTICA DE PRIVACIDAD 1. Visi\u00f3n general IDOSDE S.A.S (\u00abIDOSDE S.A.S\u00bb, \u00abnosotros\u00bb o \u00abnos\u00bb) sabe que usted valora su privacidad. Esta<\/p>\n","protected":false},"author":2,"featured_media":0,"parent":0,"menu_order":0,"comment_status":"closed","ping_status":"closed","template":"","meta":{"footnotes":""},"class_list":["post-3","page","type-page","status-publish","hentry"],"_links":{"self":[{"href":"https:\/\/idosde.com\/veinte\/wp-json\/wp\/v2\/pages\/3","targetHints":{"allow":["GET"]}}],"collection":[{"href":"https:\/\/idosde.com\/veinte\/wp-json\/wp\/v2\/pages"}],"about":[{"href":"https:\/\/idosde.com\/veinte\/wp-json\/wp\/v2\/types\/page"}],"author":[{"embeddable":true,"href":"https:\/\/idosde.com\/veinte\/wp-json\/wp\/v2\/users\/2"}],"replies":[{"embeddable":true,"href":"https:\/\/idosde.com\/veinte\/wp-json\/wp\/v2\/comments?post=3"}],"version-history":[{"count":4,"href":"https:\/\/idosde.com\/veinte\/wp-json\/wp\/v2\/pages\/3\/revisions"}],"predecessor-version":[{"id":578,"href":"https:\/\/idosde.com\/veinte\/wp-json\/wp\/v2\/pages\/3\/revisions\/578"}],"wp:attachment":[{"href":"https:\/\/idosde.com\/veinte\/wp-json\/wp\/v2\/media?parent=3"}],"curies":[{"name":"wp","href":"https:\/\/api.w.org\/{rel}","templated":true}]}}