{"id":26,"date":"2025-01-07T12:03:53","date_gmt":"2025-01-07T12:03:53","guid":{"rendered":"https:\/\/idosde.com\/veinte\/?page_id=26"},"modified":"2025-04-04T17:30:47","modified_gmt":"2025-04-04T17:30:47","slug":"nosotros","status":"publish","type":"page","link":"https:\/\/idosde.com\/veinte\/nosotros\/","title":{"rendered":"Nosotros"},"content":{"rendered":"\t\t<div data-elementor-type=\"wp-page\" data-elementor-id=\"26\" class=\"elementor elementor-26\" data-elementor-post-type=\"page\">\n\t\t\t\t<div class=\"wd-negative-gap elementor-element elementor-element-84c8445 e-flex e-con-boxed e-con e-parent\" data-id=\"84c8445\" data-element_type=\"container\">\n\t\t\t\t\t<div class=\"e-con-inner\">\n\t\t\t\t<div class=\"elementor-element elementor-element-1847089 elementor-widget elementor-widget-wd_text_block\" data-id=\"1847089\" data-element_type=\"widget\" data-widget_type=\"wd_text_block.default\">\n\t\t\t\t<div class=\"elementor-widget-container\">\n\t\t\t\t\t\t\t<div class=\"wd-text-block reset-last-child text-center\">\n\t\t\t\n\t\t\t<p>Nosotros<\/p>\n\t\t\t\t\t<\/div>\n\t\t\t\t\t\t<\/div>\n\t\t\t\t<\/div>\n\t\t\t\t\t<\/div>\n\t\t\t\t<\/div>\n\t\t<div class=\"wd-negative-gap elementor-element elementor-element-993950e e-flex e-con-boxed e-con e-parent\" data-id=\"993950e\" data-element_type=\"container\">\n\t\t\t\t\t<div class=\"e-con-inner\">\n\t\t\t\t<div class=\"elementor-element elementor-element-9db613e elementor-widget-divider--view-line elementor-widget elementor-widget-divider\" data-id=\"9db613e\" data-element_type=\"widget\" data-widget_type=\"divider.default\">\n\t\t\t\t<div class=\"elementor-widget-container\">\n\t\t\t\t\t\t\t<div class=\"elementor-divider\">\n\t\t\t<span class=\"elementor-divider-separator\">\n\t\t\t\t\t\t<\/span>\n\t\t<\/div>\n\t\t\t\t\t\t<\/div>\n\t\t\t\t<\/div>\n\t\t\t\t\t<\/div>\n\t\t\t\t<\/div>\n\t\t<div class=\"wd-negative-gap elementor-element elementor-element-06eec20 e-flex e-con-boxed e-con e-parent\" data-id=\"06eec20\" data-element_type=\"container\">\n\t\t\t\t\t<div class=\"e-con-inner\">\n\t\t<div class=\"elementor-element elementor-element-9df9200 e-con-full e-flex e-con e-child\" data-id=\"9df9200\" data-element_type=\"container\">\n\t\t\t\t<\/div>\n\t\t<div class=\"elementor-element elementor-element-79b69dc e-con-full e-flex e-con e-child\" data-id=\"79b69dc\" data-element_type=\"container\">\n\t\t\t\t<div class=\"elementor-element elementor-element-66f420b elementor-widget elementor-widget-wd_image_or_svg\" data-id=\"66f420b\" data-element_type=\"widget\" data-widget_type=\"wd_image_or_svg.default\">\n\t\t\t\t<div class=\"elementor-widget-container\">\n\t\t\t\t\t\n\t\t<div class=\"wd-image text-left\">\n\t\t\t\t\t\t\t\t<img fetchpriority=\"high\" decoding=\"async\" width=\"1366\" height=\"768\" src=\"https:\/\/idosde.com\/veinte\/wp-content\/uploads\/2025\/01\/WhatsApp-Image-2025-01-07-at-10.40.05-PM-1.jpeg\" class=\"attachment-full size-full\" alt=\"\" srcset=\"https:\/\/idosde.com\/veinte\/wp-content\/uploads\/2025\/01\/WhatsApp-Image-2025-01-07-at-10.40.05-PM-1.jpeg 1366w, https:\/\/idosde.com\/veinte\/wp-content\/uploads\/2025\/01\/WhatsApp-Image-2025-01-07-at-10.40.05-PM-1-300x169.jpeg 300w, https:\/\/idosde.com\/veinte\/wp-content\/uploads\/2025\/01\/WhatsApp-Image-2025-01-07-at-10.40.05-PM-1-1024x576.jpeg 1024w, https:\/\/idosde.com\/veinte\/wp-content\/uploads\/2025\/01\/WhatsApp-Image-2025-01-07-at-10.40.05-PM-1-768x432.jpeg 768w, https:\/\/idosde.com\/veinte\/wp-content\/uploads\/2025\/01\/WhatsApp-Image-2025-01-07-at-10.40.05-PM-1-600x337.jpeg 600w, https:\/\/idosde.com\/veinte\/wp-content\/uploads\/2025\/01\/WhatsApp-Image-2025-01-07-at-10.40.05-PM-1-150x84.jpeg 150w\" sizes=\"(max-width: 1366px) 100vw, 1366px\" \/>\t\t\t\t\t<\/div>\n\n\t\t\t\t\t\t<\/div>\n\t\t\t\t<\/div>\n\t\t\t\t<div class=\"elementor-element elementor-element-8372697 elementor-widget elementor-widget-wd_text_block\" data-id=\"8372697\" data-element_type=\"widget\" data-widget_type=\"wd_text_block.default\">\n\t\t\t\t<div class=\"elementor-widget-container\">\n\t\t\t\t\t\t\t<div class=\"wd-text-block reset-last-child text-left\">\n\t\t\t\n\t\t\t\n\t\t\t\t\t<\/div>\n\t\t\t\t\t\t<\/div>\n\t\t\t\t<\/div>\n\t\t\t\t<div class=\"elementor-element elementor-element-c900b25 elementor-widget elementor-widget-wd_text_block\" data-id=\"c900b25\" data-element_type=\"widget\" data-widget_type=\"wd_text_block.default\">\n\t\t\t\t<div class=\"elementor-widget-container\">\n\t\t\t\t\t\t\t<div class=\"wd-text-block reset-last-child text-left\">\n\t\t\t\n\t\t\t<p style=\"text-align: justify;\">A trav\u00e9s de nuestros estudios realizados en el sector el\u00e9ctrico en Latinoam\u00e9rica, hemos identi\ufb01cado necesidades regionales especi\ufb01cas dentro del mercado. Es por esto que nuestros desarrollos y equipos de medici\u00f3n electr\u00f3nicos se enfocan en suplir estas necesidades regionales, especialmente productos para control de perdidas de energ\u00eda el\u00e9ctrica.<\/p><p style=\"text-align: justify;\">Adicionalmente contamos con la capacidad requerida para el desarrollo de productos electr\u00f3nicos para diferentes \u00e1reas de su empresa.<\/p><p style=\"text-align: center;\"><strong>MISI\u00d3N<\/strong><\/p><p style=\"text-align: justify;\">IDOSDE es una empresa dedicada a la fabricaci\u00f3n y comercializaci\u00f3n de instrumentos y equipos electr\u00f3nicos.<\/p><p style=\"text-align: center;\"><strong>VISI\u00d3N<\/strong><\/p><p style=\"text-align: justify;\">Consolidar a IDOSDE a mediano plazo como l\u00edder en su campo a nivel Latinoam\u00e9rica, contando con la mejor capacidad tecnol\u00f3gica; generando confianza y credibilidad en tecnolog\u00eda colombiana.<\/p><p style=\"text-align: center;\"><strong>POL\u00cdTICA DE CALIDAD<\/strong><\/p><p style=\"text-align: justify;\">IDOSDE Se compromete a satisfacer al cliente ofreciendo productos de excelente calidad, cumpliendo tiempos de entrega, acompa\u00f1ado de un buen servicio post-venta, talento humano competente y trabajando en el mejoramiento continuo del Sistema de Gesti\u00f3n de Calidad.<\/p>\n\t\t\t\t\t<\/div>\n\t\t\t\t\t\t<\/div>\n\t\t\t\t<\/div>\n\t\t\t\t<\/div>\n\t\t<div class=\"elementor-element elementor-element-e3a8ee0 e-con-full e-flex e-con e-child\" data-id=\"e3a8ee0\" data-element_type=\"container\">\n\t\t\t\t<\/div>\n\t\t\t\t\t<\/div>\n\t\t\t\t<\/div>\n\t\t\t\t<\/div>\n\t\t","protected":false},"excerpt":{"rendered":"<p>Nosotros A trav\u00e9s de nuestros estudios realizados en el sector el\u00e9ctrico en Latinoam\u00e9rica, hemos identi\ufb01cado necesidades regionales especi\ufb01cas dentro del<\/p>\n","protected":false},"author":2,"featured_media":0,"parent":0,"menu_order":0,"comment_status":"closed","ping_status":"closed","template":"","meta":{"footnotes":""},"class_list":["post-26","page","type-page","status-publish","hentry"],"_links":{"self":[{"href":"https:\/\/idosde.com\/veinte\/wp-json\/wp\/v2\/pages\/26","targetHints":{"allow":["GET"]}}],"collection":[{"href":"https:\/\/idosde.com\/veinte\/wp-json\/wp\/v2\/pages"}],"about":[{"href":"https:\/\/idosde.com\/veinte\/wp-json\/wp\/v2\/types\/page"}],"author":[{"embeddable":true,"href":"https:\/\/idosde.com\/veinte\/wp-json\/wp\/v2\/users\/2"}],"replies":[{"embeddable":true,"href":"https:\/\/idosde.com\/veinte\/wp-json\/wp\/v2\/comments?post=26"}],"version-history":[{"count":22,"href":"https:\/\/idosde.com\/veinte\/wp-json\/wp\/v2\/pages\/26\/revisions"}],"predecessor-version":[{"id":1177,"href":"https:\/\/idosde.com\/veinte\/wp-json\/wp\/v2\/pages\/26\/revisions\/1177"}],"wp:attachment":[{"href":"https:\/\/idosde.com\/veinte\/wp-json\/wp\/v2\/media?parent=26"}],"curies":[{"name":"wp","href":"https:\/\/api.w.org\/{rel}","templated":true}]}}