{"id":18,"date":"2025-01-07T12:00:32","date_gmt":"2025-01-07T12:00:32","guid":{"rendered":"https:\/\/idosde.com\/veinte\/request-a-quote\/"},"modified":"2025-01-31T16:43:50","modified_gmt":"2025-01-31T16:43:50","slug":"pedir-cotizacion","status":"publish","type":"page","link":"https:\/\/idosde.com\/veinte\/pedir-cotizacion\/","title":{"rendered":"Pedir Cotizaci\u00f3n"},"content":{"rendered":"<div class=\"woocommerce adf-request-quote-page template_one\">\n\t<div class=\"woocommerce-notices-wrapper\"><\/div>\n\t<style type=\"text\/css\">\n\t\t.adf-request-quote-page.template_one{\n\t\t\twidth: 100%!important;\n\t\t\tmax-width: 1000px!important;\n\t\t}\n\t\t.adf-request-quote-page.template_two{\n\t\t\twidth: 100%!important;\n\t\t\tmax-width:1160px!important\n\t\t}\n\t<\/style>\n\n\t<div class=\"addify\">\n\t\t<p class=\"cart-empty\">Su cotizaci\u00f3n est\u00e1 actualmente vac\u00eda.<\/p>\n\t\t\t\t<p class=\"return-to-shop\"><a href=\"https:\/\/idosde.com\/veinte\/shop\/\" class=\"button wc-backward\">Volver a la tienda<\/a>\n\t\t<\/p>\n\t<\/div>\n<\/div>\n\n\t<p><\/p>","protected":false},"excerpt":{"rendered":"","protected":false},"author":2,"featured_media":0,"parent":0,"menu_order":0,"comment_status":"closed","ping_status":"closed","template":"","meta":{"footnotes":""},"class_list":["post-18","page","type-page","status-publish","hentry"],"_links":{"self":[{"href":"https:\/\/idosde.com\/veinte\/wp-json\/wp\/v2\/pages\/18","targetHints":{"allow":["GET"]}}],"collection":[{"href":"https:\/\/idosde.com\/veinte\/wp-json\/wp\/v2\/pages"}],"about":[{"href":"https:\/\/idosde.com\/veinte\/wp-json\/wp\/v2\/types\/page"}],"author":[{"embeddable":true,"href":"https:\/\/idosde.com\/veinte\/wp-json\/wp\/v2\/users\/2"}],"replies":[{"embeddable":true,"href":"https:\/\/idosde.com\/veinte\/wp-json\/wp\/v2\/comments?post=18"}],"version-history":[{"count":3,"href":"https:\/\/idosde.com\/veinte\/wp-json\/wp\/v2\/pages\/18\/revisions"}],"predecessor-version":[{"id":553,"href":"https:\/\/idosde.com\/veinte\/wp-json\/wp\/v2\/pages\/18\/revisions\/553"}],"wp:attachment":[{"href":"https:\/\/idosde.com\/veinte\/wp-json\/wp\/v2\/media?parent=18"}],"curies":[{"name":"wp","href":"https:\/\/api.w.org\/{rel}","templated":true}]}}