{"id":173,"date":"2026-03-17T22:53:49","date_gmt":"2026-03-17T22:53:49","guid":{"rendered":"https:\/\/idosde.com\/inicio\/?post_type=product&#038;p=173"},"modified":"2026-03-19T03:03:18","modified_gmt":"2026-03-19T03:03:18","slug":"pinzas-de-corriente-verificacion","status":"publish","type":"product","link":"https:\/\/idosde.com\/inicio\/producto\/pinzas-de-corriente-verificacion\/","title":{"rendered":"PINZA CORRIENTE"},"content":{"rendered":"<div class=\"woocommerce-product-details__short-description\">\n<p>Nuestras pinzas para medici\u00f3n de corriente estan especialmente sise\u00f1adas para medir corrientes en el rango indicado de operaci\u00f3n del medidor. Nuestro set b\u00e1sico de pinzas para el equipo trif\u00e1sico cuenta con un rango para la medida de corrientes en medidores de medida semidirecta e indirecta y un rango para la medida en medidores de medida directa. Consulte las diferetnes opciones que tenemos para suplir sus necesidades de medidion de corriente.<\/p>\n<\/div>\n<form class=\"cart\" action=\"https:\/\/idosde.com\/veinte\/producto\/pinza-corriente\/\" enctype=\"multipart\/form-data\" method=\"post\">\n<div class=\"quantity\"><\/div>\n<\/form>\n","protected":false},"excerpt":{"rendered":"<div class=\"woocommerce-product-details__short-description\">\n<p>Nuestras pinzas para medici\u00f3n de corriente estan especialmente sise\u00f1adas para medir corrientes en el rango indicado de operaci\u00f3n del medidor. Nuestro set b\u00e1sico de pinzas para el equipo trif\u00e1sico cuenta con un rango para la medida de corrientes en medidores de medida semidirecta e indirecta y un rango para la medida en medidores de medida directa. Consulte las diferetnes opciones que tenemos para suplir sus necesidades de medidion de corriente.<\/p>\n<\/div>\n<form class=\"cart\" action=\"https:\/\/idosde.com\/veinte\/producto\/pinza-corriente\/\" enctype=\"multipart\/form-data\" method=\"post\">\n<div class=\"quantity\"><\/div>\n<\/form>\n","protected":false},"featured_media":174,"comment_status":"open","ping_status":"closed","template":"","meta":[],"product_brand":[],"product_cat":[32],"product_tag":[],"class_list":{"0":"post-173","1":"product","2":"type-product","3":"status-publish","4":"has-post-thumbnail","6":"product_cat-pinza-corriente","8":"first","9":"instock","10":"shipping-taxable","11":"purchasable","12":"product-type-simple"},"yoast_head":"<!-- This site is optimized with the Yoast SEO plugin v27.5 - https:\/\/yoast.com\/product\/yoast-seo-wordpress\/ -->\n<title>Pinzas de Corriente para Equipos Patr\u00f3n | IDOSDE<\/title>\n<meta name=\"robots\" content=\"index, follow, max-snippet:-1, max-image-preview:large, max-video-preview:-1\" \/>\n<link rel=\"canonical\" href=\"https:\/\/idosde.com\/inicio\/producto\/pinzas-de-corriente-verificacion\/\" \/>\n<meta property=\"og:locale\" content=\"es_ES\" \/>\n<meta property=\"og:type\" content=\"article\" \/>\n<meta property=\"og:title\" content=\"Pinzas de Corriente para Equipos Patr\u00f3n | IDOSDE\" \/>\n<meta property=\"og:description\" content=\"Nuestras pinzas para medici\u00f3n de corriente estan especialmente sise\u00f1adas para medir corrientes en el rango indicado de operaci\u00f3n del medidor. Nuestro set b\u00e1sico de pinzas para el equipo trif\u00e1sico cuenta con un rango para la medida de corrientes en medidores de medida semidirecta e indirecta y un rango para la medida en medidores de medida directa. Consulte las diferetnes opciones que tenemos para suplir sus necesidades de medidion de corriente.\" \/>\n<meta property=\"og:url\" content=\"https:\/\/idosde.com\/inicio\/producto\/pinzas-de-corriente-verificacion\/\" \/>\n<meta property=\"og:site_name\" content=\"Idosde S.A.S.\" \/>\n<meta property=\"article:modified_time\" content=\"2026-03-19T03:03:18+00:00\" \/>\n<meta property=\"og:image\" content=\"https:\/\/idosde.com\/inicio\/wp-content\/uploads\/2026\/03\/pinzas-de-corriente.png\" \/>\n\t<meta property=\"og:image:width\" content=\"750\" \/>\n\t<meta property=\"og:image:height\" content=\"750\" \/>\n\t<meta property=\"og:image:type\" content=\"image\/png\" \/>\n<meta name=\"twitter:card\" content=\"summary_large_image\" \/>\n<meta name=\"twitter:label1\" content=\"Tiempo de lectura\" \/>\n\t<meta name=\"twitter:data1\" content=\"1 minuto\" \/>\n<script type=\"application\/ld+json\" class=\"yoast-schema-graph\">{\"@context\":\"https:\\\/\\\/schema.org\",\"@graph\":[{\"@type\":\"WebPage\",\"@id\":\"https:\\\/\\\/idosde.com\\\/inicio\\\/producto\\\/pinzas-de-corriente-verificacion\\\/\",\"url\":\"https:\\\/\\\/idosde.com\\\/inicio\\\/producto\\\/pinzas-de-corriente-verificacion\\\/\",\"name\":\"Pinzas de Corriente para Equipos Patr\u00f3n | IDOSDE\",\"isPartOf\":{\"@id\":\"https:\\\/\\\/idosde.com\\\/inicio\\\/#website\"},\"primaryImageOfPage\":{\"@id\":\"https:\\\/\\\/idosde.com\\\/inicio\\\/producto\\\/pinzas-de-corriente-verificacion\\\/#primaryimage\"},\"image\":{\"@id\":\"https:\\\/\\\/idosde.com\\\/inicio\\\/producto\\\/pinzas-de-corriente-verificacion\\\/#primaryimage\"},\"thumbnailUrl\":\"https:\\\/\\\/idosde.com\\\/inicio\\\/wp-content\\\/uploads\\\/2026\\\/03\\\/pinza-corriente-idosde.com_.png\",\"datePublished\":\"2026-03-17T22:53:49+00:00\",\"dateModified\":\"2026-03-19T03:03:18+00:00\",\"breadcrumb\":{\"@id\":\"https:\\\/\\\/idosde.com\\\/inicio\\\/producto\\\/pinzas-de-corriente-verificacion\\\/#breadcrumb\"},\"inLanguage\":\"es\",\"potentialAction\":[{\"@type\":\"ReadAction\",\"target\":[\"https:\\\/\\\/idosde.com\\\/inicio\\\/producto\\\/pinzas-de-corriente-verificacion\\\/\"]}]},{\"@type\":\"ImageObject\",\"inLanguage\":\"es\",\"@id\":\"https:\\\/\\\/idosde.com\\\/inicio\\\/producto\\\/pinzas-de-corriente-verificacion\\\/#primaryimage\",\"url\":\"https:\\\/\\\/idosde.com\\\/inicio\\\/wp-content\\\/uploads\\\/2026\\\/03\\\/pinza-corriente-idosde.com_.png\",\"contentUrl\":\"https:\\\/\\\/idosde.com\\\/inicio\\\/wp-content\\\/uploads\\\/2026\\\/03\\\/pinza-corriente-idosde.com_.png\",\"width\":329,\"height\":192},{\"@type\":\"BreadcrumbList\",\"@id\":\"https:\\\/\\\/idosde.com\\\/inicio\\\/producto\\\/pinzas-de-corriente-verificacion\\\/#breadcrumb\",\"itemListElement\":[{\"@type\":\"ListItem\",\"position\":1,\"name\":\"Portada\",\"item\":\"https:\\\/\\\/idosde.com\\\/inicio\\\/\"},{\"@type\":\"ListItem\",\"position\":2,\"name\":\"Tienda\",\"item\":\"https:\\\/\\\/idosde.com\\\/inicio\\\/tienda\\\/\"},{\"@type\":\"ListItem\",\"position\":3,\"name\":\"PINZA CORRIENTE\"}]},{\"@type\":\"WebSite\",\"@id\":\"https:\\\/\\\/idosde.com\\\/inicio\\\/#website\",\"url\":\"https:\\\/\\\/idosde.com\\\/inicio\\\/\",\"name\":\"Idosde S.A.S.\",\"description\":\"Equipos patr\u00f3n para verificaci\u00f3n de medidores, Analizador verificador de medidores\",\"publisher\":{\"@id\":\"https:\\\/\\\/idosde.com\\\/inicio\\\/#organization\"},\"alternateName\":\"Idosde\",\"potentialAction\":[{\"@type\":\"SearchAction\",\"target\":{\"@type\":\"EntryPoint\",\"urlTemplate\":\"https:\\\/\\\/idosde.com\\\/inicio\\\/?s={search_term_string}\"},\"query-input\":{\"@type\":\"PropertyValueSpecification\",\"valueRequired\":true,\"valueName\":\"search_term_string\"}}],\"inLanguage\":\"es\"},{\"@type\":\"Organization\",\"@id\":\"https:\\\/\\\/idosde.com\\\/inicio\\\/#organization\",\"name\":\"Idosde S.A.S.\",\"alternateName\":\"Idosde\",\"url\":\"https:\\\/\\\/idosde.com\\\/inicio\\\/\",\"logo\":{\"@type\":\"ImageObject\",\"inLanguage\":\"es\",\"@id\":\"https:\\\/\\\/idosde.com\\\/inicio\\\/#\\\/schema\\\/logo\\\/image\\\/\",\"url\":\"https:\\\/\\\/idosde.com\\\/inicio\\\/wp-content\\\/uploads\\\/2026\\\/03\\\/idosde.com-logo.png\",\"contentUrl\":\"https:\\\/\\\/idosde.com\\\/inicio\\\/wp-content\\\/uploads\\\/2026\\\/03\\\/idosde.com-logo.png\",\"width\":1225,\"height\":671,\"caption\":\"Idosde S.A.S.\"},\"image\":{\"@id\":\"https:\\\/\\\/idosde.com\\\/inicio\\\/#\\\/schema\\\/logo\\\/image\\\/\"}}]}<\/script>\n<!-- \/ Yoast SEO plugin. -->","yoast_head_json":{"title":"Pinzas de Corriente para Equipos Patr\u00f3n | IDOSDE","robots":{"index":"index","follow":"follow","max-snippet":"max-snippet:-1","max-image-preview":"max-image-preview:large","max-video-preview":"max-video-preview:-1"},"canonical":"https:\/\/idosde.com\/inicio\/producto\/pinzas-de-corriente-verificacion\/","og_locale":"es_ES","og_type":"article","og_title":"Pinzas de Corriente para Equipos Patr\u00f3n | IDOSDE","og_description":"Nuestras pinzas para medici\u00f3n de corriente estan especialmente sise\u00f1adas para medir corrientes en el rango indicado de operaci\u00f3n del medidor. Nuestro set b\u00e1sico de pinzas para el equipo trif\u00e1sico cuenta con un rango para la medida de corrientes en medidores de medida semidirecta e indirecta y un rango para la medida en medidores de medida directa. Consulte las diferetnes opciones que tenemos para suplir sus necesidades de medidion de corriente.","og_url":"https:\/\/idosde.com\/inicio\/producto\/pinzas-de-corriente-verificacion\/","og_site_name":"Idosde S.A.S.","article_modified_time":"2026-03-19T03:03:18+00:00","og_image":[{"width":750,"height":750,"url":"https:\/\/idosde.com\/inicio\/wp-content\/uploads\/2026\/03\/pinzas-de-corriente.png","type":"image\/png"}],"twitter_card":"summary_large_image","twitter_misc":{"Tiempo de lectura":"1 minuto"},"schema":{"@context":"https:\/\/schema.org","@graph":[{"@type":"WebPage","@id":"https:\/\/idosde.com\/inicio\/producto\/pinzas-de-corriente-verificacion\/","url":"https:\/\/idosde.com\/inicio\/producto\/pinzas-de-corriente-verificacion\/","name":"Pinzas de Corriente para Equipos Patr\u00f3n | IDOSDE","isPartOf":{"@id":"https:\/\/idosde.com\/inicio\/#website"},"primaryImageOfPage":{"@id":"https:\/\/idosde.com\/inicio\/producto\/pinzas-de-corriente-verificacion\/#primaryimage"},"image":{"@id":"https:\/\/idosde.com\/inicio\/producto\/pinzas-de-corriente-verificacion\/#primaryimage"},"thumbnailUrl":"https:\/\/idosde.com\/inicio\/wp-content\/uploads\/2026\/03\/pinza-corriente-idosde.com_.png","datePublished":"2026-03-17T22:53:49+00:00","dateModified":"2026-03-19T03:03:18+00:00","breadcrumb":{"@id":"https:\/\/idosde.com\/inicio\/producto\/pinzas-de-corriente-verificacion\/#breadcrumb"},"inLanguage":"es","potentialAction":[{"@type":"ReadAction","target":["https:\/\/idosde.com\/inicio\/producto\/pinzas-de-corriente-verificacion\/"]}]},{"@type":"ImageObject","inLanguage":"es","@id":"https:\/\/idosde.com\/inicio\/producto\/pinzas-de-corriente-verificacion\/#primaryimage","url":"https:\/\/idosde.com\/inicio\/wp-content\/uploads\/2026\/03\/pinza-corriente-idosde.com_.png","contentUrl":"https:\/\/idosde.com\/inicio\/wp-content\/uploads\/2026\/03\/pinza-corriente-idosde.com_.png","width":329,"height":192},{"@type":"BreadcrumbList","@id":"https:\/\/idosde.com\/inicio\/producto\/pinzas-de-corriente-verificacion\/#breadcrumb","itemListElement":[{"@type":"ListItem","position":1,"name":"Portada","item":"https:\/\/idosde.com\/inicio\/"},{"@type":"ListItem","position":2,"name":"Tienda","item":"https:\/\/idosde.com\/inicio\/tienda\/"},{"@type":"ListItem","position":3,"name":"PINZA CORRIENTE"}]},{"@type":"WebSite","@id":"https:\/\/idosde.com\/inicio\/#website","url":"https:\/\/idosde.com\/inicio\/","name":"Idosde S.A.S.","description":"Equipos patr\u00f3n para verificaci\u00f3n de medidores, Analizador verificador de medidores","publisher":{"@id":"https:\/\/idosde.com\/inicio\/#organization"},"alternateName":"Idosde","potentialAction":[{"@type":"SearchAction","target":{"@type":"EntryPoint","urlTemplate":"https:\/\/idosde.com\/inicio\/?s={search_term_string}"},"query-input":{"@type":"PropertyValueSpecification","valueRequired":true,"valueName":"search_term_string"}}],"inLanguage":"es"},{"@type":"Organization","@id":"https:\/\/idosde.com\/inicio\/#organization","name":"Idosde S.A.S.","alternateName":"Idosde","url":"https:\/\/idosde.com\/inicio\/","logo":{"@type":"ImageObject","inLanguage":"es","@id":"https:\/\/idosde.com\/inicio\/#\/schema\/logo\/image\/","url":"https:\/\/idosde.com\/inicio\/wp-content\/uploads\/2026\/03\/idosde.com-logo.png","contentUrl":"https:\/\/idosde.com\/inicio\/wp-content\/uploads\/2026\/03\/idosde.com-logo.png","width":1225,"height":671,"caption":"Idosde S.A.S."},"image":{"@id":"https:\/\/idosde.com\/inicio\/#\/schema\/logo\/image\/"}}]}},"_links":{"self":[{"href":"https:\/\/idosde.com\/inicio\/wp-json\/wp\/v2\/product\/173","targetHints":{"allow":["GET"]}}],"collection":[{"href":"https:\/\/idosde.com\/inicio\/wp-json\/wp\/v2\/product"}],"about":[{"href":"https:\/\/idosde.com\/inicio\/wp-json\/wp\/v2\/types\/product"}],"replies":[{"embeddable":true,"href":"https:\/\/idosde.com\/inicio\/wp-json\/wp\/v2\/comments?post=173"}],"wp:featuredmedia":[{"embeddable":true,"href":"https:\/\/idosde.com\/inicio\/wp-json\/wp\/v2\/media\/174"}],"wp:attachment":[{"href":"https:\/\/idosde.com\/inicio\/wp-json\/wp\/v2\/media?parent=173"}],"wp:term":[{"taxonomy":"product_brand","embeddable":true,"href":"https:\/\/idosde.com\/inicio\/wp-json\/wp\/v2\/product_brand?post=173"},{"taxonomy":"product_cat","embeddable":true,"href":"https:\/\/idosde.com\/inicio\/wp-json\/wp\/v2\/product_cat?post=173"},{"taxonomy":"product_tag","embeddable":true,"href":"https:\/\/idosde.com\/inicio\/wp-json\/wp\/v2\/product_tag?post=173"}],"curies":[{"name":"wp","href":"https:\/\/api.w.org\/{rel}","templated":true}]}}