{"id":157,"date":"2026-03-17T22:42:38","date_gmt":"2026-03-17T22:42:38","guid":{"rendered":"https:\/\/idosde.com\/inicio\/?post_type=product&#038;p=157"},"modified":"2026-03-19T03:09:11","modified_gmt":"2026-03-19T03:09:11","slug":"carga-fantasma-trifasica-3f","status":"publish","type":"product","link":"https:\/\/idosde.com\/inicio\/producto\/carga-fantasma-trifasica-3f\/","title":{"rendered":"CARGA FANTASMA \u2013 3F"},"content":{"rendered":"<p>El AVM es un equipo electr\u00f3nico que sirve como analizador el\u00e9ctrico y veri\ufb01cador de la medici\u00f3n de medidores de energ\u00eda el\u00e9ctrica,mostrando en forma simultanea la tensi\u00f3n, la corriente, la potencia real, el factor de potencia, la energ\u00eda activa, los errores en la medici\u00f3n comparada, y el tiempo que duran las mediciones. Este equipo se utiliza como comparador con medidores monof\u00e1sicos o fase a fase con otro tipo de medidores.<\/p>\n<p>Adicionalmente, con el AVM se puede llevar un registro en memoria de las pruebas que se le realicen a cada medidor, llevando un historial que puede ser descargado en un computador a trav\u00e9s del puerto serial, y as\u00ed, llevar una estad\u00edstica y control detrabajo.<\/p>\n","protected":false},"excerpt":{"rendered":"<p>El AVM es un equipo electr\u00f3nico que sirve como analizador el\u00e9ctrico y veri\ufb01cador de la medici\u00f3n de medidores de energ\u00eda el\u00e9ctrica,mostrando en forma simultanea la tensi\u00f3n, la corriente, la potencia real, el factor de potencia, la energ\u00eda activa, los errores en la medici\u00f3n comparada, y el tiempo que duran las mediciones.<\/p>\n","protected":false},"featured_media":158,"comment_status":"open","ping_status":"closed","template":"","meta":[],"product_brand":[],"product_cat":[28],"product_tag":[],"class_list":{"0":"post-157","1":"product","2":"type-product","3":"status-publish","4":"has-post-thumbnail","6":"product_cat-carga-fantasma-3f","8":"first","9":"instock","10":"shipping-taxable","11":"purchasable","12":"product-type-simple"},"yoast_head":"<!-- This site is optimized with the Yoast SEO plugin v27.5 - https:\/\/yoast.com\/product\/yoast-seo-wordpress\/ -->\n<title>Carga Fantasma Trif\u00e1sica 3F | IDOSDE<\/title>\n<meta name=\"description\" content=\"Simule consumo para pruebas de exactitud con nuestra carga fantasma trif\u00e1sica (3F). Ideal para operar junto al equipo AVM en terreno. Solicite cotizaci\u00f3n.\" \/>\n<meta name=\"robots\" content=\"index, follow, max-snippet:-1, max-image-preview:large, max-video-preview:-1\" \/>\n<link rel=\"canonical\" href=\"https:\/\/idosde.com\/inicio\/producto\/carga-fantasma-trifasica-3f\/\" \/>\n<meta property=\"og:locale\" content=\"es_ES\" \/>\n<meta property=\"og:type\" content=\"article\" \/>\n<meta property=\"og:title\" content=\"Carga Fantasma Trif\u00e1sica 3F | IDOSDE\" \/>\n<meta property=\"og:description\" content=\"Simule consumo para pruebas de exactitud con nuestra carga fantasma trif\u00e1sica (3F). Ideal para operar junto al equipo AVM en terreno. Solicite cotizaci\u00f3n.\" \/>\n<meta property=\"og:url\" content=\"https:\/\/idosde.com\/inicio\/producto\/carga-fantasma-trifasica-3f\/\" \/>\n<meta property=\"og:site_name\" content=\"Idosde S.A.S.\" \/>\n<meta property=\"article:modified_time\" content=\"2026-03-19T03:09:11+00:00\" \/>\n<meta property=\"og:image\" content=\"https:\/\/idosde.com\/inicio\/wp-content\/uploads\/2026\/03\/Referencia-3-02.jpg\" \/>\n\t<meta property=\"og:image:width\" content=\"1200\" \/>\n\t<meta property=\"og:image:height\" content=\"1200\" \/>\n\t<meta property=\"og:image:type\" content=\"image\/jpeg\" \/>\n<meta name=\"twitter:card\" content=\"summary_large_image\" \/>\n<meta name=\"twitter:label1\" content=\"Tiempo de lectura\" \/>\n\t<meta name=\"twitter:data1\" content=\"1 minuto\" \/>\n<script type=\"application\/ld+json\" class=\"yoast-schema-graph\">{\"@context\":\"https:\\\/\\\/schema.org\",\"@graph\":[{\"@type\":\"WebPage\",\"@id\":\"https:\\\/\\\/idosde.com\\\/inicio\\\/producto\\\/carga-fantasma-trifasica-3f\\\/\",\"url\":\"https:\\\/\\\/idosde.com\\\/inicio\\\/producto\\\/carga-fantasma-trifasica-3f\\\/\",\"name\":\"Carga Fantasma Trif\u00e1sica 3F | IDOSDE\",\"isPartOf\":{\"@id\":\"https:\\\/\\\/idosde.com\\\/inicio\\\/#website\"},\"primaryImageOfPage\":{\"@id\":\"https:\\\/\\\/idosde.com\\\/inicio\\\/producto\\\/carga-fantasma-trifasica-3f\\\/#primaryimage\"},\"image\":{\"@id\":\"https:\\\/\\\/idosde.com\\\/inicio\\\/producto\\\/carga-fantasma-trifasica-3f\\\/#primaryimage\"},\"thumbnailUrl\":\"https:\\\/\\\/idosde.com\\\/inicio\\\/wp-content\\\/uploads\\\/2026\\\/03\\\/carga-fantasma-3f.png\",\"datePublished\":\"2026-03-17T22:42:38+00:00\",\"dateModified\":\"2026-03-19T03:09:11+00:00\",\"description\":\"Simule consumo para pruebas de exactitud con nuestra carga fantasma trif\u00e1sica (3F). Ideal para operar junto al equipo AVM en terreno. Solicite cotizaci\u00f3n.\",\"breadcrumb\":{\"@id\":\"https:\\\/\\\/idosde.com\\\/inicio\\\/producto\\\/carga-fantasma-trifasica-3f\\\/#breadcrumb\"},\"inLanguage\":\"es\",\"potentialAction\":[{\"@type\":\"ReadAction\",\"target\":[\"https:\\\/\\\/idosde.com\\\/inicio\\\/producto\\\/carga-fantasma-trifasica-3f\\\/\"]}]},{\"@type\":\"ImageObject\",\"inLanguage\":\"es\",\"@id\":\"https:\\\/\\\/idosde.com\\\/inicio\\\/producto\\\/carga-fantasma-trifasica-3f\\\/#primaryimage\",\"url\":\"https:\\\/\\\/idosde.com\\\/inicio\\\/wp-content\\\/uploads\\\/2026\\\/03\\\/carga-fantasma-3f.png\",\"contentUrl\":\"https:\\\/\\\/idosde.com\\\/inicio\\\/wp-content\\\/uploads\\\/2026\\\/03\\\/carga-fantasma-3f.png\",\"width\":329,\"height\":192,\"caption\":\"carga fantasma trif\u00e1sica\"},{\"@type\":\"BreadcrumbList\",\"@id\":\"https:\\\/\\\/idosde.com\\\/inicio\\\/producto\\\/carga-fantasma-trifasica-3f\\\/#breadcrumb\",\"itemListElement\":[{\"@type\":\"ListItem\",\"position\":1,\"name\":\"Portada\",\"item\":\"https:\\\/\\\/idosde.com\\\/inicio\\\/\"},{\"@type\":\"ListItem\",\"position\":2,\"name\":\"Tienda\",\"item\":\"https:\\\/\\\/idosde.com\\\/inicio\\\/tienda\\\/\"},{\"@type\":\"ListItem\",\"position\":3,\"name\":\"CARGA FANTASMA \u2013 3F\"}]},{\"@type\":\"WebSite\",\"@id\":\"https:\\\/\\\/idosde.com\\\/inicio\\\/#website\",\"url\":\"https:\\\/\\\/idosde.com\\\/inicio\\\/\",\"name\":\"Idosde S.A.S.\",\"description\":\"Equipos patr\u00f3n para verificaci\u00f3n de medidores, Analizador verificador de medidores\",\"publisher\":{\"@id\":\"https:\\\/\\\/idosde.com\\\/inicio\\\/#organization\"},\"alternateName\":\"Idosde\",\"potentialAction\":[{\"@type\":\"SearchAction\",\"target\":{\"@type\":\"EntryPoint\",\"urlTemplate\":\"https:\\\/\\\/idosde.com\\\/inicio\\\/?s={search_term_string}\"},\"query-input\":{\"@type\":\"PropertyValueSpecification\",\"valueRequired\":true,\"valueName\":\"search_term_string\"}}],\"inLanguage\":\"es\"},{\"@type\":\"Organization\",\"@id\":\"https:\\\/\\\/idosde.com\\\/inicio\\\/#organization\",\"name\":\"Idosde S.A.S.\",\"alternateName\":\"Idosde\",\"url\":\"https:\\\/\\\/idosde.com\\\/inicio\\\/\",\"logo\":{\"@type\":\"ImageObject\",\"inLanguage\":\"es\",\"@id\":\"https:\\\/\\\/idosde.com\\\/inicio\\\/#\\\/schema\\\/logo\\\/image\\\/\",\"url\":\"https:\\\/\\\/idosde.com\\\/inicio\\\/wp-content\\\/uploads\\\/2026\\\/03\\\/idosde.com-logo.png\",\"contentUrl\":\"https:\\\/\\\/idosde.com\\\/inicio\\\/wp-content\\\/uploads\\\/2026\\\/03\\\/idosde.com-logo.png\",\"width\":1225,\"height\":671,\"caption\":\"Idosde S.A.S.\"},\"image\":{\"@id\":\"https:\\\/\\\/idosde.com\\\/inicio\\\/#\\\/schema\\\/logo\\\/image\\\/\"}}]}<\/script>\n<!-- \/ Yoast SEO plugin. -->","yoast_head_json":{"title":"Carga Fantasma Trif\u00e1sica 3F | IDOSDE","description":"Simule consumo para pruebas de exactitud con nuestra carga fantasma trif\u00e1sica (3F). Ideal para operar junto al equipo AVM en terreno. Solicite cotizaci\u00f3n.","robots":{"index":"index","follow":"follow","max-snippet":"max-snippet:-1","max-image-preview":"max-image-preview:large","max-video-preview":"max-video-preview:-1"},"canonical":"https:\/\/idosde.com\/inicio\/producto\/carga-fantasma-trifasica-3f\/","og_locale":"es_ES","og_type":"article","og_title":"Carga Fantasma Trif\u00e1sica 3F | IDOSDE","og_description":"Simule consumo para pruebas de exactitud con nuestra carga fantasma trif\u00e1sica (3F). Ideal para operar junto al equipo AVM en terreno. Solicite cotizaci\u00f3n.","og_url":"https:\/\/idosde.com\/inicio\/producto\/carga-fantasma-trifasica-3f\/","og_site_name":"Idosde S.A.S.","article_modified_time":"2026-03-19T03:09:11+00:00","og_image":[{"width":1200,"height":1200,"url":"https:\/\/idosde.com\/inicio\/wp-content\/uploads\/2026\/03\/Referencia-3-02.jpg","type":"image\/jpeg"}],"twitter_card":"summary_large_image","twitter_misc":{"Tiempo de lectura":"1 minuto"},"schema":{"@context":"https:\/\/schema.org","@graph":[{"@type":"WebPage","@id":"https:\/\/idosde.com\/inicio\/producto\/carga-fantasma-trifasica-3f\/","url":"https:\/\/idosde.com\/inicio\/producto\/carga-fantasma-trifasica-3f\/","name":"Carga Fantasma Trif\u00e1sica 3F | IDOSDE","isPartOf":{"@id":"https:\/\/idosde.com\/inicio\/#website"},"primaryImageOfPage":{"@id":"https:\/\/idosde.com\/inicio\/producto\/carga-fantasma-trifasica-3f\/#primaryimage"},"image":{"@id":"https:\/\/idosde.com\/inicio\/producto\/carga-fantasma-trifasica-3f\/#primaryimage"},"thumbnailUrl":"https:\/\/idosde.com\/inicio\/wp-content\/uploads\/2026\/03\/carga-fantasma-3f.png","datePublished":"2026-03-17T22:42:38+00:00","dateModified":"2026-03-19T03:09:11+00:00","description":"Simule consumo para pruebas de exactitud con nuestra carga fantasma trif\u00e1sica (3F). Ideal para operar junto al equipo AVM en terreno. Solicite cotizaci\u00f3n.","breadcrumb":{"@id":"https:\/\/idosde.com\/inicio\/producto\/carga-fantasma-trifasica-3f\/#breadcrumb"},"inLanguage":"es","potentialAction":[{"@type":"ReadAction","target":["https:\/\/idosde.com\/inicio\/producto\/carga-fantasma-trifasica-3f\/"]}]},{"@type":"ImageObject","inLanguage":"es","@id":"https:\/\/idosde.com\/inicio\/producto\/carga-fantasma-trifasica-3f\/#primaryimage","url":"https:\/\/idosde.com\/inicio\/wp-content\/uploads\/2026\/03\/carga-fantasma-3f.png","contentUrl":"https:\/\/idosde.com\/inicio\/wp-content\/uploads\/2026\/03\/carga-fantasma-3f.png","width":329,"height":192,"caption":"carga fantasma trif\u00e1sica"},{"@type":"BreadcrumbList","@id":"https:\/\/idosde.com\/inicio\/producto\/carga-fantasma-trifasica-3f\/#breadcrumb","itemListElement":[{"@type":"ListItem","position":1,"name":"Portada","item":"https:\/\/idosde.com\/inicio\/"},{"@type":"ListItem","position":2,"name":"Tienda","item":"https:\/\/idosde.com\/inicio\/tienda\/"},{"@type":"ListItem","position":3,"name":"CARGA FANTASMA \u2013 3F"}]},{"@type":"WebSite","@id":"https:\/\/idosde.com\/inicio\/#website","url":"https:\/\/idosde.com\/inicio\/","name":"Idosde S.A.S.","description":"Equipos patr\u00f3n para verificaci\u00f3n de medidores, Analizador verificador de medidores","publisher":{"@id":"https:\/\/idosde.com\/inicio\/#organization"},"alternateName":"Idosde","potentialAction":[{"@type":"SearchAction","target":{"@type":"EntryPoint","urlTemplate":"https:\/\/idosde.com\/inicio\/?s={search_term_string}"},"query-input":{"@type":"PropertyValueSpecification","valueRequired":true,"valueName":"search_term_string"}}],"inLanguage":"es"},{"@type":"Organization","@id":"https:\/\/idosde.com\/inicio\/#organization","name":"Idosde S.A.S.","alternateName":"Idosde","url":"https:\/\/idosde.com\/inicio\/","logo":{"@type":"ImageObject","inLanguage":"es","@id":"https:\/\/idosde.com\/inicio\/#\/schema\/logo\/image\/","url":"https:\/\/idosde.com\/inicio\/wp-content\/uploads\/2026\/03\/idosde.com-logo.png","contentUrl":"https:\/\/idosde.com\/inicio\/wp-content\/uploads\/2026\/03\/idosde.com-logo.png","width":1225,"height":671,"caption":"Idosde S.A.S."},"image":{"@id":"https:\/\/idosde.com\/inicio\/#\/schema\/logo\/image\/"}}]}},"_links":{"self":[{"href":"https:\/\/idosde.com\/inicio\/wp-json\/wp\/v2\/product\/157","targetHints":{"allow":["GET"]}}],"collection":[{"href":"https:\/\/idosde.com\/inicio\/wp-json\/wp\/v2\/product"}],"about":[{"href":"https:\/\/idosde.com\/inicio\/wp-json\/wp\/v2\/types\/product"}],"replies":[{"embeddable":true,"href":"https:\/\/idosde.com\/inicio\/wp-json\/wp\/v2\/comments?post=157"}],"wp:featuredmedia":[{"embeddable":true,"href":"https:\/\/idosde.com\/inicio\/wp-json\/wp\/v2\/media\/158"}],"wp:attachment":[{"href":"https:\/\/idosde.com\/inicio\/wp-json\/wp\/v2\/media?parent=157"}],"wp:term":[{"taxonomy":"product_brand","embeddable":true,"href":"https:\/\/idosde.com\/inicio\/wp-json\/wp\/v2\/product_brand?post=157"},{"taxonomy":"product_cat","embeddable":true,"href":"https:\/\/idosde.com\/inicio\/wp-json\/wp\/v2\/product_cat?post=157"},{"taxonomy":"product_tag","embeddable":true,"href":"https:\/\/idosde.com\/inicio\/wp-json\/wp\/v2\/product_tag?post=157"}],"curies":[{"name":"wp","href":"https:\/\/api.w.org\/{rel}","templated":true}]}}