{"id":150,"date":"2026-03-17T22:40:53","date_gmt":"2026-03-17T22:40:53","guid":{"rendered":"https:\/\/idosde.com\/inicio\/?post_type=product&#038;p=150"},"modified":"2026-04-30T05:48:15","modified_gmt":"2026-04-30T05:48:15","slug":"avm-analizador-y-verificador-de-medidores-de-monofasicos-1f","status":"publish","type":"product","link":"https:\/\/idosde.com\/inicio\/producto\/avm-analizador-y-verificador-de-medidores-de-monofasicos-1f\/","title":{"rendered":"AVM \u2013 ANALIZADOR Y VERIFICADOR DE MEDIDORES DE MONOFASICOS \u2013 1F"},"content":{"rendered":"<p>El equipo AVM 1F es un instrumento de medici\u00f3n port\u00e1til monof\u00e1sico (1F-2H y 1F-3H) para la Verificaci\u00f3n de Medidores de energ\u00eda en sitio. Usado en \u00a0la verificaci\u00f3n de medidores residenciales. \u00a0Este equipo es de f\u00e1cil manejo, cuenta con un mult\u00edmetro monof\u00e1sico de energ\u00eda y potencia activa (tensi\u00f3n y corriente \u2264 0,2%), diagrama fasorial monof\u00e1sico, y a su vez se pueden hacer pruebas de exactitud en energ\u00eda y verificaci\u00f3n de la constante o registro.<\/p>\n<p>Cada prueba se puede registrar en el Sistema de Informaci\u00f3n del equipo, el cual se maneja y administra desde un dispositivo con sistema operativo Android \u00ae conectado v\u00eda Bluetooth.<\/p>\n","protected":false},"excerpt":{"rendered":"<p>El equipo AVM 1F es un instrumento de medici\u00f3n port\u00e1til monof\u00e1sico (1F-2H y 1F-3H) para la Verificaci\u00f3n de Medidores de energ\u00eda en sitio. Usado en \u00a0la verificaci\u00f3n de medidores residenciales.<\/p>\n","protected":false},"featured_media":151,"comment_status":"open","ping_status":"closed","template":"","meta":[],"product_brand":[],"product_cat":[27,21],"product_tag":[],"class_list":{"0":"post-150","1":"product","2":"type-product","3":"status-publish","4":"has-post-thumbnail","6":"product_cat-1f","7":"product_cat-avm","9":"first","10":"instock","11":"shipping-taxable","12":"purchasable","13":"product-type-simple"},"yoast_head":"<!-- This site is optimized with the Yoast SEO plugin v27.5 - https:\/\/yoast.com\/product\/yoast-seo-wordpress\/ -->\n<title>AVM 1F - Equipo Patr\u00f3n Port\u00e1til [Monof\u00e1sico] | IDOSDE<\/title>\n<meta name=\"description\" content=\"Aprovecha el quipo patr\u00f3n port\u00e1til [Monof\u00e1sico] AVM 1F para la verificaci\u00f3n de medidores de energ\u00eda con precisi\u00f3n. \u00a1Mejora tus mediciones hoy mismo!\" \/>\n<meta name=\"robots\" content=\"index, follow, max-snippet:-1, max-image-preview:large, max-video-preview:-1\" \/>\n<link rel=\"canonical\" href=\"https:\/\/idosde.com\/inicio\/producto\/avm-analizador-y-verificador-de-medidores-de-monofasicos-1f\/\" \/>\n<meta property=\"og:locale\" content=\"es_ES\" \/>\n<meta property=\"og:type\" content=\"article\" \/>\n<meta property=\"og:title\" content=\"AVM 1F - Equipo Patr\u00f3n Port\u00e1til [Monof\u00e1sico] | IDOSDE\" \/>\n<meta property=\"og:description\" content=\"Audite medidores est\u00e1ticos en terreno con el AVM 1F. Grado IP65, exactitud \u2264 0,2% y conexi\u00f3n Bluetooth con AVMappG. Cero piezas mec\u00e1nicas. Solicite cotizaci\u00f3n.\" \/>\n<meta property=\"og:url\" content=\"https:\/\/idosde.com\/inicio\/producto\/avm-analizador-y-verificador-de-medidores-de-monofasicos-1f\/\" \/>\n<meta property=\"og:site_name\" content=\"Idosde S.A.S.\" \/>\n<meta property=\"article:modified_time\" content=\"2026-04-30T05:48:15+00:00\" \/>\n<meta property=\"og:image\" content=\"https:\/\/idosde.com\/inicio\/wp-content\/uploads\/2026\/03\/avmequipo-patrom-idosde.png\" \/>\n\t<meta property=\"og:image:width\" content=\"750\" \/>\n\t<meta property=\"og:image:height\" content=\"750\" \/>\n\t<meta property=\"og:image:type\" content=\"image\/png\" \/>\n<meta name=\"twitter:card\" content=\"summary_large_image\" \/>\n<meta name=\"twitter:label1\" content=\"Tiempo de lectura\" \/>\n\t<meta name=\"twitter:data1\" content=\"1 minuto\" \/>\n<script type=\"application\/ld+json\" class=\"yoast-schema-graph\">{\"@context\":\"https:\\\/\\\/schema.org\",\"@graph\":[{\"@type\":\"WebPage\",\"@id\":\"https:\\\/\\\/idosde.com\\\/inicio\\\/producto\\\/avm-analizador-y-verificador-de-medidores-de-monofasicos-1f\\\/\",\"url\":\"https:\\\/\\\/idosde.com\\\/inicio\\\/producto\\\/avm-analizador-y-verificador-de-medidores-de-monofasicos-1f\\\/\",\"name\":\"AVM 1F - Equipo Patr\u00f3n Port\u00e1til [Monof\u00e1sico] | IDOSDE\",\"isPartOf\":{\"@id\":\"https:\\\/\\\/idosde.com\\\/inicio\\\/#website\"},\"primaryImageOfPage\":{\"@id\":\"https:\\\/\\\/idosde.com\\\/inicio\\\/producto\\\/avm-analizador-y-verificador-de-medidores-de-monofasicos-1f\\\/#primaryimage\"},\"image\":{\"@id\":\"https:\\\/\\\/idosde.com\\\/inicio\\\/producto\\\/avm-analizador-y-verificador-de-medidores-de-monofasicos-1f\\\/#primaryimage\"},\"thumbnailUrl\":\"https:\\\/\\\/idosde.com\\\/inicio\\\/wp-content\\\/uploads\\\/2026\\\/03\\\/AVM-\u2013-ANALIZADOR-Y-VERIFICADOR-DE-MEDIDORES-DE-MONOFASICOS-\u2013-1F-1.png\",\"datePublished\":\"2026-03-17T22:40:53+00:00\",\"dateModified\":\"2026-04-30T05:48:15+00:00\",\"description\":\"Aprovecha el quipo patr\u00f3n port\u00e1til [Monof\u00e1sico] AVM 1F para la verificaci\u00f3n de medidores de energ\u00eda con precisi\u00f3n. \u00a1Mejora tus mediciones hoy mismo!\",\"breadcrumb\":{\"@id\":\"https:\\\/\\\/idosde.com\\\/inicio\\\/producto\\\/avm-analizador-y-verificador-de-medidores-de-monofasicos-1f\\\/#breadcrumb\"},\"inLanguage\":\"es\",\"potentialAction\":[{\"@type\":\"ReadAction\",\"target\":[\"https:\\\/\\\/idosde.com\\\/inicio\\\/producto\\\/avm-analizador-y-verificador-de-medidores-de-monofasicos-1f\\\/\"]}]},{\"@type\":\"ImageObject\",\"inLanguage\":\"es\",\"@id\":\"https:\\\/\\\/idosde.com\\\/inicio\\\/producto\\\/avm-analizador-y-verificador-de-medidores-de-monofasicos-1f\\\/#primaryimage\",\"url\":\"https:\\\/\\\/idosde.com\\\/inicio\\\/wp-content\\\/uploads\\\/2026\\\/03\\\/AVM-\u2013-ANALIZADOR-Y-VERIFICADOR-DE-MEDIDORES-DE-MONOFASICOS-\u2013-1F-1.png\",\"contentUrl\":\"https:\\\/\\\/idosde.com\\\/inicio\\\/wp-content\\\/uploads\\\/2026\\\/03\\\/AVM-\u2013-ANALIZADOR-Y-VERIFICADOR-DE-MEDIDORES-DE-MONOFASICOS-\u2013-1F-1.png\",\"width\":329,\"height\":192,\"caption\":\"quipo patr\u00f3n port\u00e1til [Monof\u00e1sico]\"},{\"@type\":\"BreadcrumbList\",\"@id\":\"https:\\\/\\\/idosde.com\\\/inicio\\\/producto\\\/avm-analizador-y-verificador-de-medidores-de-monofasicos-1f\\\/#breadcrumb\",\"itemListElement\":[{\"@type\":\"ListItem\",\"position\":1,\"name\":\"Portada\",\"item\":\"https:\\\/\\\/idosde.com\\\/inicio\\\/\"},{\"@type\":\"ListItem\",\"position\":2,\"name\":\"Tienda\",\"item\":\"https:\\\/\\\/idosde.com\\\/inicio\\\/tienda\\\/\"},{\"@type\":\"ListItem\",\"position\":3,\"name\":\"AVM \u2013 ANALIZADOR Y VERIFICADOR DE MEDIDORES DE MONOFASICOS \u2013 1F\"}]},{\"@type\":\"WebSite\",\"@id\":\"https:\\\/\\\/idosde.com\\\/inicio\\\/#website\",\"url\":\"https:\\\/\\\/idosde.com\\\/inicio\\\/\",\"name\":\"Idosde S.A.S.\",\"description\":\"Equipos patr\u00f3n para verificaci\u00f3n de medidores, Analizador verificador de medidores\",\"publisher\":{\"@id\":\"https:\\\/\\\/idosde.com\\\/inicio\\\/#organization\"},\"alternateName\":\"Idosde\",\"potentialAction\":[{\"@type\":\"SearchAction\",\"target\":{\"@type\":\"EntryPoint\",\"urlTemplate\":\"https:\\\/\\\/idosde.com\\\/inicio\\\/?s={search_term_string}\"},\"query-input\":{\"@type\":\"PropertyValueSpecification\",\"valueRequired\":true,\"valueName\":\"search_term_string\"}}],\"inLanguage\":\"es\"},{\"@type\":\"Organization\",\"@id\":\"https:\\\/\\\/idosde.com\\\/inicio\\\/#organization\",\"name\":\"Idosde S.A.S.\",\"alternateName\":\"Idosde\",\"url\":\"https:\\\/\\\/idosde.com\\\/inicio\\\/\",\"logo\":{\"@type\":\"ImageObject\",\"inLanguage\":\"es\",\"@id\":\"https:\\\/\\\/idosde.com\\\/inicio\\\/#\\\/schema\\\/logo\\\/image\\\/\",\"url\":\"https:\\\/\\\/idosde.com\\\/inicio\\\/wp-content\\\/uploads\\\/2026\\\/03\\\/idosde.com-logo.png\",\"contentUrl\":\"https:\\\/\\\/idosde.com\\\/inicio\\\/wp-content\\\/uploads\\\/2026\\\/03\\\/idosde.com-logo.png\",\"width\":1225,\"height\":671,\"caption\":\"Idosde S.A.S.\"},\"image\":{\"@id\":\"https:\\\/\\\/idosde.com\\\/inicio\\\/#\\\/schema\\\/logo\\\/image\\\/\"}}]}<\/script>\n<!-- \/ Yoast SEO plugin. -->","yoast_head_json":{"title":"AVM 1F - Equipo Patr\u00f3n Port\u00e1til [Monof\u00e1sico] | IDOSDE","description":"Aprovecha el quipo patr\u00f3n port\u00e1til [Monof\u00e1sico] AVM 1F para la verificaci\u00f3n de medidores de energ\u00eda con precisi\u00f3n. \u00a1Mejora tus mediciones hoy mismo!","robots":{"index":"index","follow":"follow","max-snippet":"max-snippet:-1","max-image-preview":"max-image-preview:large","max-video-preview":"max-video-preview:-1"},"canonical":"https:\/\/idosde.com\/inicio\/producto\/avm-analizador-y-verificador-de-medidores-de-monofasicos-1f\/","og_locale":"es_ES","og_type":"article","og_title":"AVM 1F - Equipo Patr\u00f3n Port\u00e1til [Monof\u00e1sico] | IDOSDE","og_description":"Audite medidores est\u00e1ticos en terreno con el AVM 1F. Grado IP65, exactitud \u2264 0,2% y conexi\u00f3n Bluetooth con AVMappG. Cero piezas mec\u00e1nicas. Solicite cotizaci\u00f3n.","og_url":"https:\/\/idosde.com\/inicio\/producto\/avm-analizador-y-verificador-de-medidores-de-monofasicos-1f\/","og_site_name":"Idosde S.A.S.","article_modified_time":"2026-04-30T05:48:15+00:00","og_image":[{"width":750,"height":750,"url":"https:\/\/idosde.com\/inicio\/wp-content\/uploads\/2026\/03\/avmequipo-patrom-idosde.png","type":"image\/png"}],"twitter_card":"summary_large_image","twitter_misc":{"Tiempo de lectura":"1 minuto"},"schema":{"@context":"https:\/\/schema.org","@graph":[{"@type":"WebPage","@id":"https:\/\/idosde.com\/inicio\/producto\/avm-analizador-y-verificador-de-medidores-de-monofasicos-1f\/","url":"https:\/\/idosde.com\/inicio\/producto\/avm-analizador-y-verificador-de-medidores-de-monofasicos-1f\/","name":"AVM 1F - Equipo Patr\u00f3n Port\u00e1til [Monof\u00e1sico] | IDOSDE","isPartOf":{"@id":"https:\/\/idosde.com\/inicio\/#website"},"primaryImageOfPage":{"@id":"https:\/\/idosde.com\/inicio\/producto\/avm-analizador-y-verificador-de-medidores-de-monofasicos-1f\/#primaryimage"},"image":{"@id":"https:\/\/idosde.com\/inicio\/producto\/avm-analizador-y-verificador-de-medidores-de-monofasicos-1f\/#primaryimage"},"thumbnailUrl":"https:\/\/idosde.com\/inicio\/wp-content\/uploads\/2026\/03\/AVM-\u2013-ANALIZADOR-Y-VERIFICADOR-DE-MEDIDORES-DE-MONOFASICOS-\u2013-1F-1.png","datePublished":"2026-03-17T22:40:53+00:00","dateModified":"2026-04-30T05:48:15+00:00","description":"Aprovecha el quipo patr\u00f3n port\u00e1til [Monof\u00e1sico] AVM 1F para la verificaci\u00f3n de medidores de energ\u00eda con precisi\u00f3n. \u00a1Mejora tus mediciones hoy mismo!","breadcrumb":{"@id":"https:\/\/idosde.com\/inicio\/producto\/avm-analizador-y-verificador-de-medidores-de-monofasicos-1f\/#breadcrumb"},"inLanguage":"es","potentialAction":[{"@type":"ReadAction","target":["https:\/\/idosde.com\/inicio\/producto\/avm-analizador-y-verificador-de-medidores-de-monofasicos-1f\/"]}]},{"@type":"ImageObject","inLanguage":"es","@id":"https:\/\/idosde.com\/inicio\/producto\/avm-analizador-y-verificador-de-medidores-de-monofasicos-1f\/#primaryimage","url":"https:\/\/idosde.com\/inicio\/wp-content\/uploads\/2026\/03\/AVM-\u2013-ANALIZADOR-Y-VERIFICADOR-DE-MEDIDORES-DE-MONOFASICOS-\u2013-1F-1.png","contentUrl":"https:\/\/idosde.com\/inicio\/wp-content\/uploads\/2026\/03\/AVM-\u2013-ANALIZADOR-Y-VERIFICADOR-DE-MEDIDORES-DE-MONOFASICOS-\u2013-1F-1.png","width":329,"height":192,"caption":"quipo patr\u00f3n port\u00e1til [Monof\u00e1sico]"},{"@type":"BreadcrumbList","@id":"https:\/\/idosde.com\/inicio\/producto\/avm-analizador-y-verificador-de-medidores-de-monofasicos-1f\/#breadcrumb","itemListElement":[{"@type":"ListItem","position":1,"name":"Portada","item":"https:\/\/idosde.com\/inicio\/"},{"@type":"ListItem","position":2,"name":"Tienda","item":"https:\/\/idosde.com\/inicio\/tienda\/"},{"@type":"ListItem","position":3,"name":"AVM \u2013 ANALIZADOR Y VERIFICADOR DE MEDIDORES DE MONOFASICOS \u2013 1F"}]},{"@type":"WebSite","@id":"https:\/\/idosde.com\/inicio\/#website","url":"https:\/\/idosde.com\/inicio\/","name":"Idosde S.A.S.","description":"Equipos patr\u00f3n para verificaci\u00f3n de medidores, Analizador verificador de medidores","publisher":{"@id":"https:\/\/idosde.com\/inicio\/#organization"},"alternateName":"Idosde","potentialAction":[{"@type":"SearchAction","target":{"@type":"EntryPoint","urlTemplate":"https:\/\/idosde.com\/inicio\/?s={search_term_string}"},"query-input":{"@type":"PropertyValueSpecification","valueRequired":true,"valueName":"search_term_string"}}],"inLanguage":"es"},{"@type":"Organization","@id":"https:\/\/idosde.com\/inicio\/#organization","name":"Idosde S.A.S.","alternateName":"Idosde","url":"https:\/\/idosde.com\/inicio\/","logo":{"@type":"ImageObject","inLanguage":"es","@id":"https:\/\/idosde.com\/inicio\/#\/schema\/logo\/image\/","url":"https:\/\/idosde.com\/inicio\/wp-content\/uploads\/2026\/03\/idosde.com-logo.png","contentUrl":"https:\/\/idosde.com\/inicio\/wp-content\/uploads\/2026\/03\/idosde.com-logo.png","width":1225,"height":671,"caption":"Idosde S.A.S."},"image":{"@id":"https:\/\/idosde.com\/inicio\/#\/schema\/logo\/image\/"}}]}},"_links":{"self":[{"href":"https:\/\/idosde.com\/inicio\/wp-json\/wp\/v2\/product\/150","targetHints":{"allow":["GET"]}}],"collection":[{"href":"https:\/\/idosde.com\/inicio\/wp-json\/wp\/v2\/product"}],"about":[{"href":"https:\/\/idosde.com\/inicio\/wp-json\/wp\/v2\/types\/product"}],"replies":[{"embeddable":true,"href":"https:\/\/idosde.com\/inicio\/wp-json\/wp\/v2\/comments?post=150"}],"wp:featuredmedia":[{"embeddable":true,"href":"https:\/\/idosde.com\/inicio\/wp-json\/wp\/v2\/media\/151"}],"wp:attachment":[{"href":"https:\/\/idosde.com\/inicio\/wp-json\/wp\/v2\/media?parent=150"}],"wp:term":[{"taxonomy":"product_brand","embeddable":true,"href":"https:\/\/idosde.com\/inicio\/wp-json\/wp\/v2\/product_brand?post=150"},{"taxonomy":"product_cat","embeddable":true,"href":"https:\/\/idosde.com\/inicio\/wp-json\/wp\/v2\/product_cat?post=150"},{"taxonomy":"product_tag","embeddable":true,"href":"https:\/\/idosde.com\/inicio\/wp-json\/wp\/v2\/product_tag?post=150"}],"curies":[{"name":"wp","href":"https:\/\/api.w.org\/{rel}","templated":true}]}}